{"id":1384,"date":"2024-02-28T16:04:19","date_gmt":"2024-02-28T15:04:19","guid":{"rendered":"https:\/\/nmd-metalpowders.de\/?page_id=1384"},"modified":"2024-08-01T19:57:48","modified_gmt":"2024-08-01T17:57:48","slug":"sustainability","status":"publish","type":"page","link":"https:\/\/nmd-metalpowders.de\/en\/nachhaltigkeit\/","title":{"rendered":"Sustainability"},"content":{"rendered":"<div data-elementor-type=\"wp-page\" data-elementor-id=\"1384\" class=\"elementor elementor-1384\" data-elementor-post-type=\"page\">\n\t\t\t\t<div class=\"elementor-element elementor-element-3e1eee5 e-flex e-con-boxed e-con e-parent\" data-id=\"3e1eee5\" data-element_type=\"container\" data-e-type=\"container\" data-settings=\"{&quot;background_background&quot;:&quot;classic&quot;}\">\n\t\t\t\t\t<div class=\"e-con-inner\">\n\t\t\t\t<div class=\"elementor-element elementor-element-abca336 elementor-widget elementor-widget-heading\" data-id=\"abca336\" data-element_type=\"widget\" data-e-type=\"widget\" data-widget_type=\"heading.default\">\n\t\t\t\t<div class=\"elementor-widget-container\">\n\t\t\t\t\t<div class=\"elementor-heading-title elementor-size-default\">Sustainability<\/div>\t\t\t\t<\/div>\n\t\t\t\t<\/div>\n\t\t\t\t<div class=\"elementor-element elementor-element-8da6f23 elementor-widget__width-initial elementor-widget elementor-widget-heading\" data-id=\"8da6f23\" data-element_type=\"widget\" data-e-type=\"widget\" data-widget_type=\"heading.default\">\n\t\t\t\t<div class=\"elementor-widget-container\">\n\t\t\t\t\t<h1 class=\"elementor-heading-title elementor-size-default\">Always remain human<\/h1>\t\t\t\t<\/div>\n\t\t\t\t<\/div>\n\t\t\t\t<div class=\"elementor-element elementor-element-d97cdff elementor-widget__width-initial elementor-widget elementor-widget-text-editor\" data-id=\"d97cdff\" data-element_type=\"widget\" data-e-type=\"widget\" data-widget_type=\"text-editor.default\">\n\t\t\t\t<div class=\"elementor-widget-container\">\n\t\t\t\t\t\t\t\t\tFor NMD, the topics are <strong>Ecology and sociality<\/strong> is not a fad in corporate communications, but has been a way of life since the company was founded around 25 years ago.\t\t\t\t\t\t\t\t<\/div>\n\t\t\t\t<\/div>\n\t\t\t\t\t<\/div>\n\t\t\t\t<\/div>\n\t\t<div class=\"elementor-element elementor-element-eaa7a3e e-flex e-con-boxed e-con e-parent\" data-id=\"eaa7a3e\" data-element_type=\"container\" data-e-type=\"container\">\n\t\t\t\t\t<div class=\"e-con-inner\">\n\t\t\t\t<div class=\"elementor-element elementor-element-6b92656 elementor-widget__width-initial elementor-widget elementor-widget-heading\" data-id=\"6b92656\" data-element_type=\"widget\" data-e-type=\"widget\" data-widget_type=\"heading.default\">\n\t\t\t\t<div class=\"elementor-widget-container\">\n\t\t\t\t\t<h2 class=\"elementor-heading-title elementor-size-default\">Sustainability at NMD<\/h2>\t\t\t\t<\/div>\n\t\t\t\t<\/div>\n\t\t\t\t<div class=\"elementor-element elementor-element-3541d9b elementor-widget__width-initial elementor-widget elementor-widget-text-editor\" data-id=\"3541d9b\" data-element_type=\"widget\" data-e-type=\"widget\" data-widget_type=\"text-editor.default\">\n\t\t\t\t<div class=\"elementor-widget-container\">\n\t\t\t\t\t\t\t\t\t<p>At that time, however, this topic was not yet called sustainability, but simply <strong>Humanity<\/strong>. A basic attitude that we have retained and that will also allow us to distinguish right from wrong in the future.<\/p>\t\t\t\t\t\t\t\t<\/div>\n\t\t\t\t<\/div>\n\t\t\t\t\t<\/div>\n\t\t\t\t<\/div>\n\t\t<div class=\"elementor-element elementor-element-e88eaf0 e-flex e-con-boxed e-con e-parent\" data-id=\"e88eaf0\" data-element_type=\"container\" data-e-type=\"container\">\n\t\t\t\t\t<div class=\"e-con-inner\">\n\t\t<div class=\"elementor-element elementor-element-dccf9ba e-con-full e-flex e-con e-child\" data-id=\"dccf9ba\" data-element_type=\"container\" data-e-type=\"container\">\n\t\t\t\t<div class=\"elementor-element elementor-element-eb40b73 elementor-widget elementor-widget-image\" data-id=\"eb40b73\" data-element_type=\"widget\" data-e-type=\"widget\" data-widget_type=\"image.default\">\n\t\t\t\t<div class=\"elementor-widget-container\">\n\t\t\t\t\t\t\t\t\t\t\t\t\t\t\t<img fetchpriority=\"high\" decoding=\"async\" width=\"800\" height=\"800\" src=\"https:\/\/nmd-metalpowders.de\/wp-content\/uploads\/nmd-recycling.jpg\" class=\"attachment-large size-large wp-image-1399\" alt=\"Recycling metals is active environmental protection with NMD Metalpowders\" srcset=\"https:\/\/nmd-metalpowders.de\/wp-content\/uploads\/nmd-recycling.jpg 1000w, https:\/\/nmd-metalpowders.de\/wp-content\/uploads\/nmd-recycling-300x300.jpg 300w, https:\/\/nmd-metalpowders.de\/wp-content\/uploads\/nmd-recycling-150x150.jpg 150w, https:\/\/nmd-metalpowders.de\/wp-content\/uploads\/nmd-recycling-768x768.jpg 768w\" sizes=\"(max-width: 800px) 100vw, 800px\" \/>\t\t\t\t\t\t\t\t\t\t\t\t\t\t\t<\/div>\n\t\t\t\t<\/div>\n\t\t\t\t<\/div>\n\t\t<div class=\"elementor-element elementor-element-dddeedd e-con-full e-flex e-con e-child\" data-id=\"dddeedd\" data-element_type=\"container\" data-e-type=\"container\">\n\t\t\t\t<div class=\"elementor-element elementor-element-c116d51 elementor-widget elementor-widget-heading\" data-id=\"c116d51\" data-element_type=\"widget\" data-e-type=\"widget\" data-widget_type=\"heading.default\">\n\t\t\t\t<div class=\"elementor-widget-container\">\n\t\t\t\t\t<h2 class=\"elementor-heading-title elementor-size-default\">Recycling metals is active environmental protection<\/h2>\t\t\t\t<\/div>\n\t\t\t\t<\/div>\n\t\t\t\t<div class=\"elementor-element elementor-element-b6cc741 elementor-widget elementor-widget-text-editor\" data-id=\"b6cc741\" data-element_type=\"widget\" data-e-type=\"widget\" data-widget_type=\"text-editor.default\">\n\t\t\t\t<div class=\"elementor-widget-container\">\n\t\t\t\t\t\t\t\t\t<p>In contrast to plastics or chemical products, all forms of metals are <strong>Natural resources<\/strong>. Pure metal powders can be easily recycled and returned to the value chain or the circular economy. Compound powders, which are made up of several metals, can also be separated by type in the recycling process.\u00a0<\/p><p>Despite existing potential for improvement, the value chains for metals are already largely circular.<\/p><p><strong>In principle, the following applies:<\/strong> Due to the unique material properties of metals, they can be used almost endlessly.<\/p>\t\t\t\t\t\t\t\t<\/div>\n\t\t\t\t<\/div>\n\t\t\t\t<\/div>\n\t\t\t\t\t<\/div>\n\t\t\t\t<\/div>\n\t\t<div class=\"elementor-element elementor-element-b45832d e-flex e-con-boxed e-con e-parent\" data-id=\"b45832d\" data-element_type=\"container\" data-e-type=\"container\">\n\t\t\t\t\t<div class=\"e-con-inner\">\n\t\t<div class=\"elementor-element elementor-element-c481248 e-con-full e-flex e-con e-child\" data-id=\"c481248\" data-element_type=\"container\" data-e-type=\"container\">\n\t\t\t\t<div class=\"elementor-element elementor-element-a5cddab elementor-widget elementor-widget-heading\" data-id=\"a5cddab\" data-element_type=\"widget\" data-e-type=\"widget\" data-widget_type=\"heading.default\">\n\t\t\t\t<div class=\"elementor-widget-container\">\n\t\t\t\t\t<h2 class=\"elementor-heading-title elementor-size-default\">Closing the circle<\/h2>\t\t\t\t<\/div>\n\t\t\t\t<\/div>\n\t\t\t\t<div class=\"elementor-element elementor-element-1361fc1 elementor-widget elementor-widget-text-editor\" data-id=\"1361fc1\" data-element_type=\"widget\" data-e-type=\"widget\" data-widget_type=\"text-editor.default\">\n\t\t\t\t<div class=\"elementor-widget-container\">\n\t\t\t\t\t\t\t\t\t<p>As an expert in metal powders, we not only know everything about the procurement, processing and material composition of our products.<\/p><p>We will of course also be happy to advise you on the optimum preparation. Through the <strong>Professional recycling<\/strong> closes the production cycle.<\/p><p>In addition, waste volumes are reduced and demand for primary raw materials is kept at a stable level.<\/p>\t\t\t\t\t\t\t\t<\/div>\n\t\t\t\t<\/div>\n\t\t\t\t<\/div>\n\t\t<div class=\"elementor-element elementor-element-fe2a5f0 e-con-full e-flex e-con e-child\" data-id=\"fe2a5f0\" data-element_type=\"container\" data-e-type=\"container\">\n\t\t\t\t<div class=\"elementor-element elementor-element-ccee7d3 elementor-widget elementor-widget-image\" data-id=\"ccee7d3\" data-element_type=\"widget\" data-e-type=\"widget\" data-widget_type=\"image.default\">\n\t\t\t\t<div class=\"elementor-widget-container\">\n\t\t\t\t\t\t\t\t\t\t\t\t\t\t\t<img decoding=\"async\" src=\"https:\/\/nmd-metalpowders.de\/wp-content\/uploads\/elementor\/thumbs\/nmd-kreislauf-qkhbxhzb4wne0jwfaqlcr3uqz7z4qw88e35zeejac0.jpg\" title=\"Professional recycling of metals\" alt=\"Professional recycling of metals - NMD Metalpowders\" loading=\"lazy\" \/>\t\t\t\t\t\t\t\t\t\t\t\t\t\t\t<\/div>\n\t\t\t\t<\/div>\n\t\t\t\t<\/div>\n\t\t\t\t\t<\/div>\n\t\t\t\t<\/div>\n\t\t<div class=\"elementor-element elementor-element-9755890 e-flex e-con-boxed e-con e-parent\" data-id=\"9755890\" data-element_type=\"container\" data-e-type=\"container\">\n\t\t\t\t\t<div class=\"e-con-inner\">\n\t\t<div class=\"elementor-element elementor-element-ff04ec1 e-con-full e-flex e-con e-child\" data-id=\"ff04ec1\" data-element_type=\"container\" data-e-type=\"container\">\n\t\t\t\t<div class=\"elementor-element elementor-element-6401001 elementor-widget elementor-widget-image\" data-id=\"6401001\" data-element_type=\"widget\" data-e-type=\"widget\" data-widget_type=\"image.default\">\n\t\t\t\t<div class=\"elementor-widget-container\">\n\t\t\t\t\t\t\t\t\t\t\t\t\t\t\t<img decoding=\"async\" width=\"800\" height=\"800\" src=\"https:\/\/nmd-metalpowders.de\/wp-content\/uploads\/Resonanzraum.jpg\" class=\"attachment-large size-large wp-image-2918\" alt=\"Life is a resonance chamber - NMD Metalpowders\" srcset=\"https:\/\/nmd-metalpowders.de\/wp-content\/uploads\/Resonanzraum.jpg 824w, https:\/\/nmd-metalpowders.de\/wp-content\/uploads\/Resonanzraum-300x300.jpg 300w, https:\/\/nmd-metalpowders.de\/wp-content\/uploads\/Resonanzraum-150x150.jpg 150w, https:\/\/nmd-metalpowders.de\/wp-content\/uploads\/Resonanzraum-768x768.jpg 768w, https:\/\/nmd-metalpowders.de\/wp-content\/uploads\/Resonanzraum-12x12.jpg 12w\" sizes=\"(max-width: 800px) 100vw, 800px\" \/>\t\t\t\t\t\t\t\t\t\t\t\t\t\t\t<\/div>\n\t\t\t\t<\/div>\n\t\t\t\t<\/div>\n\t\t<div class=\"elementor-element elementor-element-b5d5205 e-con-full e-flex e-con e-child\" data-id=\"b5d5205\" data-element_type=\"container\" data-e-type=\"container\">\n\t\t\t\t<div class=\"elementor-element elementor-element-b6405cc elementor-widget elementor-widget-heading\" data-id=\"b6405cc\" data-element_type=\"widget\" data-e-type=\"widget\" data-widget_type=\"heading.default\">\n\t\t\t\t<div class=\"elementor-widget-container\">\n\t\t\t\t\t<h2 class=\"elementor-heading-title elementor-size-default\">Life is a resonance chamber<\/h2>\t\t\t\t<\/div>\n\t\t\t\t<\/div>\n\t\t\t\t<div class=\"elementor-element elementor-element-04cafe0 elementor-widget elementor-widget-text-editor\" data-id=\"04cafe0\" data-element_type=\"widget\" data-e-type=\"widget\" data-widget_type=\"text-editor.default\">\n\t\t\t\t<div class=\"elementor-widget-container\">\n\t\t\t\t\t\t\t\t\t<p>Value-orientated corporate management is the formula with which NMD maintains the delicate balance of give and take.<\/p><p><strong>We realise projects not at any price, but at a fair price.<\/strong><\/p>\t\t\t\t\t\t\t\t<\/div>\n\t\t\t\t<\/div>\n\t\t\t\t<div class=\"elementor-element elementor-element-506f786 elementor-mobile-align-justify elementor-align-center elementor-widget elementor-widget-button\" data-id=\"506f786\" data-element_type=\"widget\" data-e-type=\"widget\" data-widget_type=\"button.default\">\n\t\t\t\t<div class=\"elementor-widget-container\">\n\t\t\t\t\t\t\t\t\t<div class=\"elementor-button-wrapper\">\n\t\t\t\t\t<a class=\"elementor-button elementor-button-link elementor-size-md\" href=\"https:\/\/nmd-metalpowders.de\/en\/company\/\">\n\t\t\t\t\t\t<span class=\"elementor-button-content-wrapper\">\n\t\t\t\t\t\t<span class=\"elementor-button-icon\">\n\t\t\t\t<svg height=\"16\" stroke-linejoin=\"round\" style=\"color:currentColor\" viewbox=\"0 0 16 16\" width=\"16\"><path fill-rule=\"evenodd\" clip-rule=\"evenodd\" d=\"M9.53033 2.21968L9 1.68935L7.93934 2.75001L8.46967 3.28034L12.4393 7.25001H1.75H1V8.75001H1.75H12.4393L8.46967 12.7197L7.93934 13.25L9 14.3107L9.53033 13.7803L14.6036 8.70711C14.9941 8.31659 14.9941 7.68342 14.6036 7.2929L9.53033 2.21968Z\" fill=\"currentColor\"><\/path><\/svg>\t\t\t<\/span>\n\t\t\t\t\t\t\t\t\t<span class=\"elementor-button-text\">More about us<\/span>\n\t\t\t\t\t<\/span>\n\t\t\t\t\t<\/a>\n\t\t\t\t<\/div>\n\t\t\t\t\t\t\t\t<\/div>\n\t\t\t\t<\/div>\n\t\t\t\t<\/div>\n\t\t\t\t\t<\/div>\n\t\t\t\t<\/div>\n\t\t<div class=\"elementor-element elementor-element-81c9445 e-flex e-con-boxed e-con e-parent\" data-id=\"81c9445\" data-element_type=\"container\" data-e-type=\"container\">\n\t\t\t\t\t<div class=\"e-con-inner\">\n\t\t\t\t<div class=\"elementor-element elementor-element-7ac21d2 elementor-widget elementor-widget-heading\" data-id=\"7ac21d2\" data-element_type=\"widget\" data-e-type=\"widget\" data-widget_type=\"heading.default\">\n\t\t\t\t<div class=\"elementor-widget-container\">\n\t\t\t\t\t<h2 class=\"elementor-heading-title elementor-size-default\">Fairness is when everyone wins!<\/h2>\t\t\t\t<\/div>\n\t\t\t\t<\/div>\n\t\t\t\t<div class=\"elementor-element elementor-element-822baaf elementor-widget__width-initial elementor-widget elementor-widget-text-editor\" data-id=\"822baaf\" data-element_type=\"widget\" data-e-type=\"widget\" data-widget_type=\"text-editor.default\">\n\t\t\t\t<div class=\"elementor-widget-container\">\n\t\t\t\t\t\t\t\t\t<p>We have known our suppliers for many years and attach great importance to compliance with defined social standards such as wage levels, occupational safety and social benefits. Everyone should benefit from the value chain. Our local partners, the NMD team and, of course, our customers.<\/p><p>With this principle, we focus on mutual success and long-term partnerships<\/p>\t\t\t\t\t\t\t\t<\/div>\n\t\t\t\t<\/div>\n\t\t\t\t<div class=\"elementor-element elementor-element-9393a4d elementor-mobile-align-justify elementor-align-center sb-btn-hover elementor-widget elementor-widget-button\" data-id=\"9393a4d\" data-element_type=\"widget\" data-e-type=\"widget\" data-widget_type=\"button.default\">\n\t\t\t\t<div class=\"elementor-widget-container\">\n\t\t\t\t\t\t\t\t\t<div class=\"elementor-button-wrapper\">\n\t\t\t\t\t<a class=\"elementor-button elementor-button-link elementor-size-md\" href=\"https:\/\/nmd-metalpowders.de\/en\/metallpulver-anfragen\/\">\n\t\t\t\t\t\t<span class=\"elementor-button-content-wrapper\">\n\t\t\t\t\t\t\t\t\t<span class=\"elementor-button-text\">Request advice now<\/span>\n\t\t\t\t\t<\/span>\n\t\t\t\t\t<\/a>\n\t\t\t\t<\/div>\n\t\t\t\t\t\t\t\t<\/div>\n\t\t\t\t<\/div>\n\t\t\t\t\t<\/div>\n\t\t\t\t<\/div>\n\t\t\t\t<\/div>","protected":false},"excerpt":{"rendered":"<p>Nachhaltigkeit Immer Mensch bleiben F\u00fcr NMD sind die Themen \u00d6kologie und Sozialit\u00e4t keine Modeerscheinung in der Unternehmenskommunikation, sondern ein gelebtes Selbstverst\u00e4ndnis seit der Gr\u00fcndung vor rund 25 Jahren. Nachhaltigkeit bei der NMD Damals hie\u00df dieses Thema allerdings noch nicht Nachhaltigkeit, sondern schlichtweg Menschlichkeit. Eine Grundhaltung, die wir beibehalten haben und die uns auch in Zukunft [&hellip;]<\/p>\n","protected":false},"author":1,"featured_media":0,"parent":0,"menu_order":0,"comment_status":"closed","ping_status":"closed","template":"","meta":{"_acf_changed":false,"footnotes":""},"class_list":["post-1384","page","type-page","status-publish","hentry"],"acf":[],"_links":{"self":[{"href":"https:\/\/nmd-metalpowders.de\/en\/wp-json\/wp\/v2\/pages\/1384","targetHints":{"allow":["GET"]}}],"collection":[{"href":"https:\/\/nmd-metalpowders.de\/en\/wp-json\/wp\/v2\/pages"}],"about":[{"href":"https:\/\/nmd-metalpowders.de\/en\/wp-json\/wp\/v2\/types\/page"}],"author":[{"embeddable":true,"href":"https:\/\/nmd-metalpowders.de\/en\/wp-json\/wp\/v2\/users\/1"}],"replies":[{"embeddable":true,"href":"https:\/\/nmd-metalpowders.de\/en\/wp-json\/wp\/v2\/comments?post=1384"}],"version-history":[{"count":0,"href":"https:\/\/nmd-metalpowders.de\/en\/wp-json\/wp\/v2\/pages\/1384\/revisions"}],"wp:attachment":[{"href":"https:\/\/nmd-metalpowders.de\/en\/wp-json\/wp\/v2\/media?parent=1384"}],"curies":[{"name":"wp","href":"https:\/\/api.w.org\/{rel}","templated":true}]}}