{"id":545,"date":"2024-02-19T21:34:36","date_gmt":"2024-02-19T20:34:36","guid":{"rendered":"https:\/\/nmd-metalpowders.de\/?page_id=545"},"modified":"2025-06-10T10:31:36","modified_gmt":"2025-06-10T08:31:36","slug":"imprint","status":"publish","type":"page","link":"https:\/\/nmd-metalpowders.de\/en\/impressum\/","title":{"rendered":"Imprint"},"content":{"rendered":"<div data-elementor-type=\"wp-page\" data-elementor-id=\"545\" class=\"elementor elementor-545\" data-elementor-post-type=\"page\">\n\t\t\t\t<div class=\"elementor-element elementor-element-81b730e e-flex e-con-boxed e-con e-parent\" data-id=\"81b730e\" data-element_type=\"container\" data-e-type=\"container\">\n\t\t\t\t\t<div class=\"e-con-inner\">\n\t\t\t\t<div class=\"elementor-element elementor-element-c0ca3ee elementor-widget elementor-widget-text-editor\" data-id=\"c0ca3ee\" data-element_type=\"widget\" data-e-type=\"widget\" data-widget_type=\"text-editor.default\">\n\t\t\t\t<div class=\"elementor-widget-container\">\n\t\t\t\t\t\t\t\t\t<h1>Imprint<\/h1><h4>NMD - New Materials Development GmbH<\/h4><p>Eduard-R\u00fcber-Str. 7<br \/>83022 Rosenheim<br \/>GERMANY<\/p><p>Phone: +49 \/ 8031 \/ 27106- 0<\/p><h4>Managing Director:<\/h4><p>Nadine Rajner<br \/>HRB Traunstein 30236<br \/>VAT ID No.: DE270568077<\/p><h4>Terms of use for the website:<\/h4><p><strong>Content of the online offer<\/strong><\/p><p>The operator of this online offer (operator) assumes no liability for the topicality, correctness, completeness or quality of the information provided. Liability claims against the operator relating to material or non-material damage caused by the use or non-use of the information provided or by the use of incorrect or incomplete information are fundamentally excluded, unless there is evidence of wilful intent or gross negligence on the part of the operator. All offers are subject to change and non-binding. The operator expressly reserves the right to change, supplement or delete parts of the pages or the entire offer without prior notice or to cease publication temporarily or permanently.<\/p><p><strong>References and links<\/strong><\/p><p>In the case of direct or indirect references to external websites (\"links\") that lie outside the operator's area of responsibility, a liability obligation would only come into force in the event that the operator is aware of the content and it would be technically possible and reasonable for him to prevent use in the event of illegal content.<br \/>The operator therefore expressly declares that the linked pages were free of illegal content at the time the links were created. The operator has no influence whatsoever on the current and future design and content of the linked or referenced pages. Therefore, the operator hereby expressly distances itself from all content of all linked or referenced pages that were changed after the link was created. This statement applies to all links and references set within the operator's own website as well as to third-party entries in guest books, discussion forums and mailing lists set up by the operator. Liability for illegal, incorrect or incomplete content and in particular for damages resulting from the use or non-use of such information lies solely with the provider of the page to which reference is made, not with the person who merely refers to the respective publication via links.<\/p><p><strong>Copyright and labelling law<\/strong><\/p><p>The operator endeavours to observe the copyrights of the graphics, sound documents, video sequences and texts used in all publications, to use graphics, sound documents, video sequences and texts created by himself or to make use of licence-free graphics, sound documents, video sequences and texts. All brands and trademarks mentioned on the website and possibly protected by third parties are subject without restriction to the provisions of the applicable trademark law and the ownership rights of the respective registered owners. The mere mention of a trade mark does not imply that it is not protected by third-party rights. The copyright for published objects created by the operator himself remains solely with the operator of the pages. Reproduction or use of such graphics, sound documents, video sequences and texts in other electronic or printed publications is not permitted without the express consent of the operator.<\/p><p><strong>Legal validity of this disclaimer<\/strong><\/p><p>This disclaimer is to be regarded as part of the internet publication which you were referred from. If sections or individual terms of this statement are not legal or correct, the content or validity of the other parts remain uninfluenced by this fact.<\/p>\t\t\t\t\t\t\t\t<\/div>\n\t\t\t\t<\/div>\n\t\t\t\t\t<\/div>\n\t\t\t\t<\/div>\n\t\t\t\t<\/div>","protected":false},"excerpt":{"rendered":"<p>Impressum NMD \u2013 New Materials Development GmbH Eduard-R\u00fcber-Str. 783022 RosenheimDEUTSCHLAND Tel.: +49 \/ 8031 \/ 27106- 0 Gesch\u00e4ftsf\u00fchrer: Nadine RajnerHRB Traunstein 30236USt.-ID-Nr.: DE270568077 Nutzungsbedingungen f\u00fcr das Web-Angebot: Inhalt des Onlineangebotes Der Betreiber dieses Onlineangebotes (Betreiber) \u00fcbernimmt keinerlei Gew\u00e4hr f\u00fcr die Aktualit\u00e4t, Korrektheit, Vollst\u00e4ndigkeit oder Qualit\u00e4t der bereitgestellten Informationen. Haftungsanspr\u00fcche gegen den Betreiber, welche sich auf [&hellip;]<\/p>\n","protected":false},"author":1,"featured_media":0,"parent":0,"menu_order":0,"comment_status":"closed","ping_status":"closed","template":"","meta":{"_acf_changed":false,"footnotes":""},"class_list":["post-545","page","type-page","status-publish","hentry"],"acf":[],"_links":{"self":[{"href":"https:\/\/nmd-metalpowders.de\/en\/wp-json\/wp\/v2\/pages\/545","targetHints":{"allow":["GET"]}}],"collection":[{"href":"https:\/\/nmd-metalpowders.de\/en\/wp-json\/wp\/v2\/pages"}],"about":[{"href":"https:\/\/nmd-metalpowders.de\/en\/wp-json\/wp\/v2\/types\/page"}],"author":[{"embeddable":true,"href":"https:\/\/nmd-metalpowders.de\/en\/wp-json\/wp\/v2\/users\/1"}],"replies":[{"embeddable":true,"href":"https:\/\/nmd-metalpowders.de\/en\/wp-json\/wp\/v2\/comments?post=545"}],"version-history":[{"count":0,"href":"https:\/\/nmd-metalpowders.de\/en\/wp-json\/wp\/v2\/pages\/545\/revisions"}],"wp:attachment":[{"href":"https:\/\/nmd-metalpowders.de\/en\/wp-json\/wp\/v2\/media?parent=545"}],"curies":[{"name":"wp","href":"https:\/\/api.w.org\/{rel}","templated":true}]}}